{"id":361,"date":"2025-09-30T13:35:46","date_gmt":"2025-09-30T11:35:46","guid":{"rendered":"https:\/\/doroslych.zdrowiewwyszkowie.pl\/?page_id=361"},"modified":"2025-10-11T10:18:52","modified_gmt":"2025-10-11T08:18:52","slug":"strefa-wiedzy","status":"publish","type":"page","link":"https:\/\/doroslych.zdrowiewwyszkowie.pl\/index.php\/strefa-wiedzy\/","title":{"rendered":"Strefa wiedzy"},"content":{"rendered":"\n<p>Szanowni Pa\u0144stwo. Ta cz\u0119\u015b\u0107 naszej strony www po\u015bwi\u0119cona b\u0119dzie przekazywaniu ciekawych informacji o tym jak mo\u017cna zadba\u0107 o zdrowie.<\/p>\n\n\n\n<p>Zapraszamy do lektury.<\/p>\n\n\n\n<div class=\"wp-block-buttons has-background is-layout-flex wp-block-buttons-is-layout-flex\" style=\"background-color:#68c4f20d\">\n<div class=\"wp-block-button\"><a class=\"wp-block-button__link wp-element-button\" href=\"https:\/\/doroslych.zdrowiewwyszkowie.pl\/index.php\/kalendarz-szczepien-osob-starszych\/\">Kalendarz szczepie\u0144 os\u00f3b starszych<\/a><\/div>\n<\/div>\n","protected":false},"excerpt":{"rendered":"<p>Szanowni Pa\u0144stwo. Ta cz\u0119\u015b\u0107 naszej strony www po\u015bwi\u0119cona b\u0119dzie przekazywaniu ciekawych informacji o tym jak mo\u017cna zadba\u0107 o zdrowie. Zapraszamy do lektury.<\/p>\n","protected":false},"author":2,"featured_media":0,"parent":0,"menu_order":0,"comment_status":"closed","ping_status":"closed","template":"","meta":{"footnotes":""},"class_list":["post-361","page","type-page","status-publish","hentry"],"_links":{"self":[{"href":"https:\/\/doroslych.zdrowiewwyszkowie.pl\/index.php\/wp-json\/wp\/v2\/pages\/361","targetHints":{"allow":["GET"]}}],"collection":[{"href":"https:\/\/doroslych.zdrowiewwyszkowie.pl\/index.php\/wp-json\/wp\/v2\/pages"}],"about":[{"href":"https:\/\/doroslych.zdrowiewwyszkowie.pl\/index.php\/wp-json\/wp\/v2\/types\/page"}],"author":[{"embeddable":true,"href":"https:\/\/doroslych.zdrowiewwyszkowie.pl\/index.php\/wp-json\/wp\/v2\/users\/2"}],"replies":[{"embeddable":true,"href":"https:\/\/doroslych.zdrowiewwyszkowie.pl\/index.php\/wp-json\/wp\/v2\/comments?post=361"}],"version-history":[{"count":3,"href":"https:\/\/doroslych.zdrowiewwyszkowie.pl\/index.php\/wp-json\/wp\/v2\/pages\/361\/revisions"}],"predecessor-version":[{"id":392,"href":"https:\/\/doroslych.zdrowiewwyszkowie.pl\/index.php\/wp-json\/wp\/v2\/pages\/361\/revisions\/392"}],"wp:attachment":[{"href":"https:\/\/doroslych.zdrowiewwyszkowie.pl\/index.php\/wp-json\/wp\/v2\/media?parent=361"}],"curies":[{"name":"wp","href":"https:\/\/api.w.org\/{rel}","templated":true}]}}