{"id":37,"date":"2019-10-12T14:54:13","date_gmt":"2019-10-12T12:54:13","guid":{"rendered":"http:\/\/guardlogic.home.pl\/autoinstalator\/wordpressplugins2\/?page_id=37"},"modified":"2025-12-01T09:36:28","modified_gmt":"2025-12-01T08:36:28","slug":"dla-nowych-pacjentow","status":"publish","type":"page","link":"https:\/\/doroslych.zdrowiewwyszkowie.pl\/index.php\/dla-nowych-pacjentow\/","title":{"rendered":"Dla Nowych Pacjent\u00f3w"},"content":{"rendered":"\n<p class=\"has-small-font-size\"><strong>Zapraszamy do zapis\u00f3w do naszej przychodni.<\/strong><br>Mo\u017cna to zrobi\u0107 na dwa sposoby:<\/p>\n\n\n\n<ul class=\"wp-block-list\">\n<li class=\"has-small-font-size\">przez stron\u0119 <a href=\"http:\/\/pacjent.gov.pl\">pacjent.gov.pl<\/a> W zak\u0142adce Moje konto i sekcji Twoja Podstawowa Opieka Zdrowotna (POZ) -> Wype\u0142nij deklaracj\u0119<\/li>\n\n\n\n<li class=\"has-small-font-size\">z\u0142o\u017cenie deklaracji w rejestracji na parterze. Prosimy osobi\u015bcie zg\u0142osi\u0107 si\u0119 do rejestracji w celu weryfikacji Pa\u0144stwa danych oraz podpisania pozosta\u0142ych dokument\u00f3w (zgoda na przetwarzanie danych osobowych, upowa\u017cnienia, itp.).<\/li>\n<\/ul>\n\n\n\n<p><\/p>\n\n\n\n<ul class=\"wp-block-list\">\n<li class=\"has-small-font-size\"><strong>Na pierwsz\u0105 wizyt\u0119<\/strong> prosimy zabra\u0107 ca\u0142\u0105 dokumentacj\u0119 medyczn\u0105, kt\u00f3r\u0105 Pa\u0144stwo posiadaj\u0105 (wyniki bada\u0144, wypisy ze szpitali, konsultacje, itp.). Dane te s\u0105 potrzebne do prawid\u0142owego procesu diagnozowania, zapobiegania i leczenia. Dokumentacja z poprzedniej przychodni musi zosta\u0107 w tamtej plac\u00f3wce i &#8222;nie idzie&#8221; za pacjentem.<\/li>\n\n\n\n<li class=\"has-small-font-size\"><strong>Uwaga<\/strong>&#8211; na aktywn\u0105 list\u0119 mog\u0105 zapisa\u0107 si\u0119 tylko osoby posiadaj\u0105ce ubezpieczenie zdrowotne lub dobrowolnie ubezpieczaj\u0105ce si\u0119 w NFZ.<\/li>\n<\/ul>\n\n\n\n<p><\/p>\n","protected":false},"excerpt":{"rendered":"<p>Zapraszamy do zapis\u00f3w do naszej przychodni.Mo\u017cna to zrobi\u0107 na dwa sposoby:<\/p>\n","protected":false},"author":1,"featured_media":0,"parent":0,"menu_order":0,"comment_status":"closed","ping_status":"closed","template":"","meta":{"footnotes":""},"class_list":["post-37","page","type-page","status-publish","hentry"],"_links":{"self":[{"href":"https:\/\/doroslych.zdrowiewwyszkowie.pl\/index.php\/wp-json\/wp\/v2\/pages\/37","targetHints":{"allow":["GET"]}}],"collection":[{"href":"https:\/\/doroslych.zdrowiewwyszkowie.pl\/index.php\/wp-json\/wp\/v2\/pages"}],"about":[{"href":"https:\/\/doroslych.zdrowiewwyszkowie.pl\/index.php\/wp-json\/wp\/v2\/types\/page"}],"author":[{"embeddable":true,"href":"https:\/\/doroslych.zdrowiewwyszkowie.pl\/index.php\/wp-json\/wp\/v2\/users\/1"}],"replies":[{"embeddable":true,"href":"https:\/\/doroslych.zdrowiewwyszkowie.pl\/index.php\/wp-json\/wp\/v2\/comments?post=37"}],"version-history":[{"count":32,"href":"https:\/\/doroslych.zdrowiewwyszkowie.pl\/index.php\/wp-json\/wp\/v2\/pages\/37\/revisions"}],"predecessor-version":[{"id":434,"href":"https:\/\/doroslych.zdrowiewwyszkowie.pl\/index.php\/wp-json\/wp\/v2\/pages\/37\/revisions\/434"}],"wp:attachment":[{"href":"https:\/\/doroslych.zdrowiewwyszkowie.pl\/index.php\/wp-json\/wp\/v2\/media?parent=37"}],"curies":[{"name":"wp","href":"https:\/\/api.w.org\/{rel}","templated":true}]}}